{"id":140,"date":"2023-03-28T16:09:35","date_gmt":"2023-03-28T14:09:35","guid":{"rendered":"https:\/\/www.dolcehotelversailles.com\/destinations-loisirs\/activites-incontournables\/musee-de-la-toile-de-jouy\/"},"modified":"2026-04-21T14:35:41","modified_gmt":"2026-04-21T12:35:41","slug":"museum-of-toile-de-jouy","status":"publish","type":"page","link":"https:\/\/www.dolcehotelversailles.com\/en\/destination-loisirs-hotel-luxe-versailles\/musee-de-la-toile-de-jouy\/","title":{"rendered":"Mus\u00e9e de la toile de Jouy"},"content":{"rendered":"<div data-elementor-type=\"wp-page\" data-elementor-id=\"140\" class=\"elementor elementor-140\" data-elementor-post-type=\"page\">\n\t\t\t\t\t\t<section class=\"elementor-section elementor-top-section elementor-element elementor-element-8e7531f elementor-section-full_width elementor-section-height-min-height elementor-section-items-stretch elementor-section-height-default\" data-id=\"8e7531f\" data-element_type=\"section\" data-e-type=\"section\">\n\t\t\t\t\t\t<div class=\"elementor-container elementor-column-gap-default\">\n\t\t\t\t\t<div class=\"elementor-column elementor-col-100 elementor-top-column elementor-element elementor-element-f197a92\" data-id=\"f197a92\" data-element_type=\"column\" data-e-type=\"column\" data-settings=\"{&quot;background_background&quot;:&quot;classic&quot;}\">\n\t\t\t<div class=\"elementor-widget-wrap elementor-element-populated\">\n\t\t\t\t\t<div class=\"elementor-background-overlay\"><\/div>\n\t\t\t\t\t\t<div class=\"elementor-element elementor-element-686be5c elementor-widget elementor-widget-spacer\" data-id=\"686be5c\" data-element_type=\"widget\" data-e-type=\"widget\" data-widget_type=\"spacer.default\">\n\t\t\t\t<div class=\"elementor-widget-container\">\n\t\t\t\t\t\t\t<div class=\"elementor-spacer\">\n\t\t\t<div class=\"elementor-spacer-inner\"><\/div>\n\t\t<\/div>\n\t\t\t\t\t\t<\/div>\n\t\t\t\t<\/div>\n\t\t\t\t<div class=\"elementor-element elementor-element-a8317cb elementor-widget elementor-widget-heading\" data-id=\"a8317cb\" data-element_type=\"widget\" data-e-type=\"widget\" data-widget_type=\"heading.default\">\n\t\t\t\t<div class=\"elementor-widget-container\">\n\t\t\t\t\t<div class=\"elementor-heading-title elementor-size-default\">Mus\u00e9e de la toile de Jouy<\/div>\t\t\t\t<\/div>\n\t\t\t\t<\/div>\n\t\t\t\t<div class=\"elementor-element elementor-element-1f2a9ce elementor-align-center btn-border elementor-widget elementor-widget-button\" data-id=\"1f2a9ce\" data-element_type=\"widget\" data-e-type=\"widget\" data-widget_type=\"button.default\">\n\t\t\t\t<div class=\"elementor-widget-container\">\n\t\t\t\t\t\t\t\t\t<div class=\"elementor-button-wrapper\">\n\t\t\t\t\t<a class=\"elementor-button elementor-button-link elementor-size-sm\" href=\"#tocontent\">\n\t\t\t\t\t\t<span class=\"elementor-button-content-wrapper\">\n\t\t\t\t\t\t\t\t\t<span class=\"elementor-button-text\">Discover<\/span>\n\t\t\t\t\t<\/span>\n\t\t\t\t\t<\/a>\n\t\t\t\t<\/div>\n\t\t\t\t\t\t\t\t<\/div>\n\t\t\t\t<\/div>\n\t\t\t\t\t<\/div>\n\t\t<\/div>\n\t\t\t\t\t<\/div>\n\t\t<\/section>\n\t\t\t\t<section class=\"elementor-section elementor-top-section elementor-element elementor-element-6e88b93 elementor-section-boxed elementor-section-height-default elementor-section-height-default\" data-id=\"6e88b93\" data-element_type=\"section\" data-e-type=\"section\" data-settings=\"{&quot;background_background&quot;:&quot;classic&quot;}\">\n\t\t\t\t\t\t<div class=\"elementor-container elementor-column-gap-default\">\n\t\t\t\t\t<div class=\"elementor-column elementor-col-50 elementor-top-column elementor-element elementor-element-fc0a7b1\" data-id=\"fc0a7b1\" data-element_type=\"column\" data-e-type=\"column\" data-settings=\"{&quot;background_background&quot;:&quot;classic&quot;}\">\n\t\t\t<div class=\"elementor-widget-wrap elementor-element-populated\">\n\t\t\t\t\t\t<div class=\"elementor-element elementor-element-a85922c elementor-widget elementor-widget-image\" data-id=\"a85922c\" data-element_type=\"widget\" data-e-type=\"widget\" data-widget_type=\"image.default\">\n\t\t\t\t<div class=\"elementor-widget-container\">\n\t\t\t\t\t\t\t\t\t\t\t\t\t\t\t<img fetchpriority=\"high\" decoding=\"async\" width=\"800\" height=\"502\" src=\"https:\/\/www.dolcehotelversailles.com\/wp-content\/uploads\/2026\/03\/Capture-decran-2026-03-26-162023-1024x643.png\" class=\"attachment-large size-large wp-image-14206\" alt=\"\" srcset=\"https:\/\/www.dolcehotelversailles.com\/wp-content\/uploads\/2026\/03\/Capture-decran-2026-03-26-162023-1024x643.png 1024w, https:\/\/www.dolcehotelversailles.com\/wp-content\/uploads\/2026\/03\/Capture-decran-2026-03-26-162023-300x189.png 300w, https:\/\/www.dolcehotelversailles.com\/wp-content\/uploads\/2026\/03\/Capture-decran-2026-03-26-162023-768x483.png 768w, https:\/\/www.dolcehotelversailles.com\/wp-content\/uploads\/2026\/03\/Capture-decran-2026-03-26-162023-18x12.png 18w, https:\/\/www.dolcehotelversailles.com\/wp-content\/uploads\/2026\/03\/Capture-decran-2026-03-26-162023.png 1305w\" sizes=\"(max-width: 800px) 100vw, 800px\" title=\"\">\t\t\t\t\t\t\t\t\t\t\t\t\t\t\t<\/div>\n\t\t\t\t<\/div>\n\t\t\t\t\t<\/div>\n\t\t<\/div>\n\t\t\t\t<div class=\"elementor-column elementor-col-50 elementor-top-column elementor-element elementor-element-5fbd433\" data-id=\"5fbd433\" data-element_type=\"column\" data-e-type=\"column\" data-settings=\"{&quot;background_background&quot;:&quot;classic&quot;}\">\n\t\t\t<div class=\"elementor-widget-wrap elementor-element-populated\">\n\t\t\t\t\t\t<div class=\"elementor-element elementor-element-dd87198 elementor-widget elementor-widget-heading\" data-id=\"dd87198\" data-element_type=\"widget\" data-e-type=\"widget\" data-widget_type=\"heading.default\">\n\t\t\t\t<div class=\"elementor-widget-container\">\n\t\t\t\t\t<h1 class=\"elementor-heading-title elementor-size-default\">The must-see museum in Jouy-en-Josas<\/h1>\t\t\t\t<\/div>\n\t\t\t\t<\/div>\n\t\t\t\t<div class=\"elementor-element elementor-element-867ea5f elementor-widget elementor-widget-text-editor\" data-id=\"867ea5f\" data-element_type=\"widget\" data-e-type=\"widget\" data-widget_type=\"text-editor.default\">\n\t\t\t\t<div class=\"elementor-widget-container\">\n\t\t\t\t\t\t\t\t\t<p class=\"cvGsUA direction-ltr align-start para-style-body\"><span class=\"a_GcMg font-feature-liga-off font-feature-clig-off font-feature-calt-off text-decoration-none text-strikethrough-none\">Just a few minutes from our hotel, the Mus\u00e9e de la Toile de Jouy invites you to discover the history of an exceptional textile heritage. These famous fabrics, produced in Jouy-en-Josas since 1760 by the Manufacture founded by Christophe-Philippe Oberkampf, have graced the elegant Court of Versailles and left their mark on the history of French design.<\/span><\/p><p class=\"cvGsUA direction-ltr align-start para-style-body\"><span class=\"a_GcMg font-feature-liga-off font-feature-clig-off font-feature-calt-off text-decoration-none text-strikethrough-none\">Created in 1977 to celebrate this heritage, the museum now displays fascinating collections of patterns and samples, testifying to the region's unique expertise. Mr Oberkampf was also the owner of the Domaine du Montcel, establishing a historic link with our hotel, where certain Toiles de Jouy still decorate the walls of our rooms.<\/span><\/p>\t\t\t\t\t\t\t\t<\/div>\n\t\t\t\t<\/div>\n\t\t\t\t\t<\/div>\n\t\t<\/div>\n\t\t\t\t\t<\/div>\n\t\t<\/section>\n\t\t\t\t<section class=\"elementor-section elementor-top-section elementor-element elementor-element-5da1ca5 elementor-reverse-tablet elementor-reverse-mobile elementor-section-boxed elementor-section-height-default elementor-section-height-default\" data-id=\"5da1ca5\" data-element_type=\"section\" data-e-type=\"section\" data-settings=\"{&quot;background_background&quot;:&quot;classic&quot;}\">\n\t\t\t\t\t\t<div class=\"elementor-container elementor-column-gap-default\">\n\t\t\t\t\t<div class=\"elementor-column elementor-col-50 elementor-top-column elementor-element elementor-element-865525a\" data-id=\"865525a\" data-element_type=\"column\" data-e-type=\"column\">\n\t\t\t<div class=\"elementor-widget-wrap elementor-element-populated\">\n\t\t\t\t\t\t<div class=\"elementor-element elementor-element-116e86a elementor-widget elementor-widget-heading\" data-id=\"116e86a\" data-element_type=\"widget\" data-e-type=\"widget\" data-widget_type=\"heading.default\">\n\t\t\t\t<div class=\"elementor-widget-container\">\n\t\t\t\t\t<h2 class=\"elementor-heading-title elementor-size-default\">THE MANUFACTURE<\/h2>\t\t\t\t<\/div>\n\t\t\t\t<\/div>\n\t\t\t\t<div class=\"elementor-element elementor-element-b316aac elementor-widget elementor-widget-text-editor\" data-id=\"b316aac\" data-element_type=\"widget\" data-e-type=\"widget\" data-widget_type=\"text-editor.default\">\n\t\t\t\t<div class=\"elementor-widget-container\">\n\t\t\t\t\t\t\t\t\t<p class=\"cvGsUA direction-ltr align-center para-style-body\"><span class=\"a_GcMg font-feature-liga-off font-feature-clig-off font-feature-calt-off text-decoration-none text-strikethrough-none\">The Manufacture was founded in 1760 by Christophe-Philippe Oberkampf, following the lifting of an 80-year ban on the production and use of printed cloth in France. He distinguished himself by the quality and originality of his fabrics, which were used for clothing and furnishings.<\/span><\/p><p class=\"cvGsUA direction-ltr align-center para-style-body\"><span class=\"a_GcMg font-feature-liga-off font-feature-clig-off font-feature-calt-off text-decoration-none text-strikethrough-none\">Between 1760 and 1843, more than 30,000 designs were created, ranging from florals inspired by Indian productions to rural, literary or historical scenes. These creations were a huge success with the aristocracy and bourgeoisie, enabling the Manufacture to become the first in Europe and to obtain the title of Royal Manufacture in 1783, employing up to 1,300 people.<\/span><\/p><p class=\"cvGsUA direction-ltr align-center para-style-body\"><span class=\"a_GcMg font-feature-liga-off font-feature-clig-off font-feature-calt-off text-decoration-none text-strikethrough-none\">This success was driven by the international influence of toile de Jouy, which was exported throughout Europe and as far afield as the colonies, contributing to the worldwide renown of the French style.<\/span><\/p>\t\t\t\t\t\t\t\t<\/div>\n\t\t\t\t<\/div>\n\t\t\t\t\t<\/div>\n\t\t<\/div>\n\t\t\t\t<div class=\"elementor-column elementor-col-50 elementor-top-column elementor-element elementor-element-33560be\" data-id=\"33560be\" data-element_type=\"column\" data-e-type=\"column\">\n\t\t\t<div class=\"elementor-widget-wrap elementor-element-populated\">\n\t\t\t\t\t\t<div class=\"elementor-element elementor-element-d69a4eb elementor-widget elementor-widget-image\" data-id=\"d69a4eb\" data-element_type=\"widget\" data-e-type=\"widget\" data-widget_type=\"image.default\">\n\t\t\t\t<div class=\"elementor-widget-container\">\n\t\t\t\t\t\t\t\t\t\t\t\t\t\t\t<img decoding=\"async\" width=\"800\" height=\"505\" src=\"https:\/\/www.dolcehotelversailles.com\/wp-content\/uploads\/2023\/07\/MTJ_920.1_HUET_LaManufactureOberkampf_bd-1024x647.jpg\" class=\"attachment-large size-large wp-image-5793\" alt=\"Mus\u00e9e de la Toile de Jouy - hotel near chateau de versailles\" srcset=\"https:\/\/www.dolcehotelversailles.com\/wp-content\/uploads\/2023\/07\/MTJ_920.1_HUET_LaManufactureOberkampf_bd-1024x647.jpg 1024w, https:\/\/www.dolcehotelversailles.com\/wp-content\/uploads\/2023\/07\/MTJ_920.1_HUET_LaManufactureOberkampf_bd-300x190.jpg 300w, https:\/\/www.dolcehotelversailles.com\/wp-content\/uploads\/2023\/07\/MTJ_920.1_HUET_LaManufactureOberkampf_bd-768x485.jpg 768w, https:\/\/www.dolcehotelversailles.com\/wp-content\/uploads\/2023\/07\/MTJ_920.1_HUET_LaManufactureOberkampf_bd-1536x971.jpg 1536w, https:\/\/www.dolcehotelversailles.com\/wp-content\/uploads\/2023\/07\/MTJ_920.1_HUET_LaManufactureOberkampf_bd-18x12.jpg 18w, https:\/\/www.dolcehotelversailles.com\/wp-content\/uploads\/2023\/07\/MTJ_920.1_HUET_LaManufactureOberkampf_bd.jpg 1560w\" sizes=\"(max-width: 800px) 100vw, 800px\" title=\"\">\t\t\t\t\t\t\t\t\t\t\t\t\t\t\t<\/div>\n\t\t\t\t<\/div>\n\t\t\t\t\t<\/div>\n\t\t<\/div>\n\t\t\t\t\t<\/div>\n\t\t<\/section>\n\t\t\t\t<section class=\"elementor-section elementor-top-section elementor-element elementor-element-062f8aa elementor-section-boxed elementor-section-height-default elementor-section-height-default\" data-id=\"062f8aa\" data-element_type=\"section\" data-e-type=\"section\" data-settings=\"{&quot;background_background&quot;:&quot;classic&quot;}\">\n\t\t\t\t\t\t<div class=\"elementor-container elementor-column-gap-default\">\n\t\t\t\t\t<div class=\"elementor-column elementor-col-50 elementor-top-column elementor-element elementor-element-733f157\" data-id=\"733f157\" data-element_type=\"column\" data-e-type=\"column\">\n\t\t\t<div class=\"elementor-widget-wrap elementor-element-populated\">\n\t\t\t\t\t\t<div class=\"elementor-element elementor-element-8fec2cf elementor-widget__width-inherit elementor-cta--layout-image-above elementor-cta--valign-middle elementor-cta--skin-classic elementor-animated-content elementor-bg-transform elementor-bg-transform-zoom-in elementor-widget elementor-widget-call-to-action\" data-id=\"8fec2cf\" data-element_type=\"widget\" data-e-type=\"widget\" data-widget_type=\"call-to-action.default\">\n\t\t\t\t<div class=\"elementor-widget-container\">\n\t\t\t\t\t\t\t<div class=\"elementor-cta\">\n\t\t\t\t\t<div class=\"elementor-cta__bg-wrapper\">\n\t\t\t\t<div class=\"elementor-cta__bg elementor-bg\" style=\"background-image: url(https:\/\/www.dolcehotelversailles.com\/wp-content\/uploads\/2026\/01\/histoire-du-musee-de-la-toile-de-jouy-1024x683.webp);\" role=\"img\" aria-label=\"history-of-the-toile-de-jouy-museum\"><\/div>\n\t\t\t\t<div class=\"elementor-cta__bg-overlay\"><\/div>\n\t\t\t<\/div>\n\t\t\t\t\t\t\t<div class=\"elementor-cta__content\">\n\t\t\t\t\n\t\t\t\t\t\t\t\t\t<h2 class=\"elementor-cta__title elementor-cta__content-item elementor-content-item\">\n\t\t\t\t\t\tCULTURAL STAY IN jouy-en-josas\t\t\t\t\t<\/h2>\n\t\t\t\t\n\t\t\t\t\t\t\t\t\t<div class=\"elementor-cta__description elementor-cta__content-item elementor-content-item\">\n\t\t\t\t\t\t<b>From \u20ac425<\/b>\t\t\t\t\t<\/div>\n\t\t\t\t\n\t\t\t\t\t\t\t\t\t<div class=\"elementor-cta__button-wrapper elementor-cta__content-item elementor-content-item\">\n\t\t\t\t\t<a class=\"elementor-cta__button elementor-button elementor-size-\" href=\"mailto:reservations@dolcehotelversailles.com\" target=\"_blank\">\n\t\t\t\t\t\tBook\t\t\t\t\t<\/a>\n\t\t\t\t\t<\/div>\n\t\t\t\t\t\t\t<\/div>\n\t\t\t\t\t\t<\/div>\n\t\t\t\t\t\t<\/div>\n\t\t\t\t<\/div>\n\t\t\t\t\t<\/div>\n\t\t<\/div>\n\t\t\t\t<div class=\"elementor-column elementor-col-50 elementor-top-column elementor-element elementor-element-87adcc3\" data-id=\"87adcc3\" data-element_type=\"column\" data-e-type=\"column\" data-settings=\"{&quot;background_background&quot;:&quot;classic&quot;}\">\n\t\t\t<div class=\"elementor-widget-wrap elementor-element-populated\">\n\t\t\t\t\t\t<div class=\"elementor-element elementor-element-0bf28f7 elementor-widget elementor-widget-heading\" data-id=\"0bf28f7\" data-element_type=\"widget\" data-e-type=\"widget\" data-widget_type=\"heading.default\">\n\t\t\t\t<div class=\"elementor-widget-container\">\n\t\t\t\t\t<h1 class=\"elementor-heading-title elementor-size-default\">YOUR CULTURAL STAY<\/h1>\t\t\t\t<\/div>\n\t\t\t\t<\/div>\n\t\t\t\t<div class=\"elementor-element elementor-element-dde0816 elementor-widget elementor-widget-text-editor\" data-id=\"dde0816\" data-element_type=\"widget\" data-e-type=\"widget\" data-widget_type=\"text-editor.default\">\n\t\t\t\t<div class=\"elementor-widget-container\">\n\t\t\t\t\t\t\t\t\t<p>The offer includes <strong>cultural trip to Jouy-en-Josas :<\/strong><\/p><ul><li>An overnight stay in<strong> superior room<\/strong><\/li><li style=\"font-size: 15px;\">A <strong>dinner<\/strong> included in our Le Montcel menu: starter, main course, dessert. Water and coffee included.\u00a0<\/li><li>Free admission to the Mus\u00e9e de la Toile de Jouy.<\/li><li>A <strong>access to the Spa<\/strong> 90 minutes including steam room, sauna, snow cave, sensory shower, pools and fitness room.<\/li><\/ul><p><em>This holiday can be booked directly with the\u00a0<\/em><em>email booking service: reservations@dolcehotelversailles.com\u00a0<\/em><em>\u00a0<\/em><\/p>\t\t\t\t\t\t\t\t<\/div>\n\t\t\t\t<\/div>\n\t\t\t\t\t<\/div>\n\t\t<\/div>\n\t\t\t\t\t<\/div>\n\t\t<\/section>\n\t\t\t\t<section class=\"elementor-section elementor-top-section elementor-element elementor-element-e21aba5 elementor-section-full_width elementor-section-height-min-height elementor-section-items-stretch elementor-section-height-default\" data-id=\"e21aba5\" data-element_type=\"section\" data-e-type=\"section\" data-settings=\"{&quot;background_background&quot;:&quot;classic&quot;}\">\n\t\t\t\t\t\t<div class=\"elementor-container elementor-column-gap-no\">\n\t\t\t\t\t<div class=\"elementor-column elementor-col-100 elementor-top-column elementor-element elementor-element-2534718\" data-id=\"2534718\" data-element_type=\"column\" data-e-type=\"column\">\n\t\t\t<div class=\"elementor-widget-wrap elementor-element-populated\">\n\t\t\t\t\t\t<section class=\"elementor-section elementor-inner-section elementor-element elementor-element-766995e elementor-section-full_width elementor-section-content-top elementor-section-height-default elementor-section-height-default\" data-id=\"766995e\" data-element_type=\"section\" data-e-type=\"section\">\n\t\t\t\t\t\t<div class=\"elementor-container elementor-column-gap-default\">\n\t\t\t\t\t<div class=\"elementor-column elementor-col-50 elementor-inner-column elementor-element elementor-element-2bf48ed elementor-hidden-mobile\" data-id=\"2bf48ed\" data-element_type=\"column\" data-e-type=\"column\">\n\t\t\t<div class=\"elementor-widget-wrap\">\n\t\t\t\t\t\t\t<\/div>\n\t\t<\/div>\n\t\t\t\t<div class=\"elementor-column elementor-col-50 elementor-inner-column elementor-element elementor-element-a77aa0b deco-col\" data-id=\"a77aa0b\" data-element_type=\"column\" data-e-type=\"column\" data-settings=\"{&quot;background_background&quot;:&quot;classic&quot;}\">\n\t\t\t<div class=\"elementor-widget-wrap elementor-element-populated\">\n\t\t\t\t\t\t<div class=\"elementor-element elementor-element-0ac19a2 elementor-widget elementor-widget-heading\" data-id=\"0ac19a2\" data-element_type=\"widget\" data-e-type=\"widget\" data-widget_type=\"heading.default\">\n\t\t\t\t<div class=\"elementor-widget-container\">\n\t\t\t\t\t<div class=\"elementor-heading-title elementor-size-default\">Palace of Versailles<\/div>\t\t\t\t<\/div>\n\t\t\t\t<\/div>\n\t\t\t\t<div class=\"elementor-element elementor-element-de6a086 elementor-widget elementor-widget-text-editor\" data-id=\"de6a086\" data-element_type=\"widget\" data-e-type=\"widget\" data-widget_type=\"text-editor.default\">\n\t\t\t\t<div class=\"elementor-widget-container\">\n\t\t\t\t\t\t\t\t\t<p><span style=\"color: rgba(0,0,0,var(--o42jjq,1)); caret-color: #000000;\">Discover the Ch\u00e2teau de Versailles and its treasures with our exclusive packages at preferential rates, designed to make the most of every visit.<\/span><\/p>\t\t\t\t\t\t\t\t<\/div>\n\t\t\t\t<\/div>\n\t\t\t\t<div class=\"elementor-element elementor-element-705bd59 elementor-widget__width-auto btn-icon-effect elementor-align-center elementor-widget elementor-widget-button\" data-id=\"705bd59\" data-element_type=\"widget\" data-e-type=\"widget\" data-widget_type=\"button.default\">\n\t\t\t\t<div class=\"elementor-widget-container\">\n\t\t\t\t\t\t\t\t\t<div class=\"elementor-button-wrapper\">\n\t\t\t\t\t<a class=\"elementor-button elementor-button-link elementor-size-sm\" href=\"https:\/\/www.dolcehotelversailles.com\/en\/destination-loisirs-hotel-luxe-versailles\/chateau-de-versailles\/\">\n\t\t\t\t\t\t<span class=\"elementor-button-content-wrapper\">\n\t\t\t\t\t\t<span class=\"elementor-button-icon\">\n\t\t\t\t<i aria-hidden=\"true\" class=\"icon icon-Pointpoint\"><\/i>\t\t\t<\/span>\n\t\t\t\t\t\t\t\t\t<span class=\"elementor-button-text\">Discover<\/span>\n\t\t\t\t\t<\/span>\n\t\t\t\t\t<\/a>\n\t\t\t\t<\/div>\n\t\t\t\t\t\t\t\t<\/div>\n\t\t\t\t<\/div>\n\t\t\t\t\t<\/div>\n\t\t<\/div>\n\t\t\t\t\t<\/div>\n\t\t<\/section>\n\t\t\t\t<div class=\"elementor-element elementor-element-5d104fe elementor-absolute slider-medias2 elementor-pagination-position-inside elementor-widget__width-initial elementor-widget-tablet__width-initial elementor-skin-carousel elementor-pagination-type-bullets elementor-widget elementor-widget-media-carousel\" data-id=\"5d104fe\" data-element_type=\"widget\" data-e-type=\"widget\" data-settings=\"{&quot;slides_per_view&quot;:&quot;1&quot;,&quot;slides_to_scroll&quot;:&quot;1&quot;,&quot;_position&quot;:&quot;absolute&quot;,&quot;space_between&quot;:{&quot;unit&quot;:&quot;px&quot;,&quot;size&quot;:0,&quot;sizes&quot;:[]},&quot;slides_per_view_laptop&quot;:&quot;1&quot;,&quot;slides_per_view_tablet&quot;:&quot;1&quot;,&quot;slides_per_view_mobile&quot;:&quot;1&quot;,&quot;slides_to_scroll_laptop&quot;:&quot;1&quot;,&quot;slides_to_scroll_tablet&quot;:&quot;1&quot;,&quot;slides_to_scroll_mobile&quot;:&quot;1&quot;,&quot;skin&quot;:&quot;carousel&quot;,&quot;effect&quot;:&quot;slide&quot;,&quot;pagination&quot;:&quot;bullets&quot;,&quot;speed&quot;:500,&quot;autoplay&quot;:&quot;yes&quot;,&quot;autoplay_speed&quot;:5000,&quot;loop&quot;:&quot;yes&quot;,&quot;pause_on_hover&quot;:&quot;yes&quot;,&quot;pause_on_interaction&quot;:&quot;yes&quot;,&quot;space_between_laptop&quot;:{&quot;unit&quot;:&quot;px&quot;,&quot;size&quot;:10,&quot;sizes&quot;:[]},&quot;space_between_tablet&quot;:{&quot;unit&quot;:&quot;px&quot;,&quot;size&quot;:10,&quot;sizes&quot;:[]},&quot;space_between_mobile&quot;:{&quot;unit&quot;:&quot;px&quot;,&quot;size&quot;:10,&quot;sizes&quot;:[]}}\" data-widget_type=\"media-carousel.default\">\n\t\t\t\t<div class=\"elementor-widget-container\">\n\t\t\t\t\t\t\t\t\t<div class=\"elementor-swiper\">\n\t\t\t\t\t<div class=\"elementor-main-swiper swiper\" role=\"region\" aria-roledescription=\"carousel\" aria-label=\"Slides\">\n\t\t\t\t<div class=\"swiper-wrapper\">\n\t\t\t\t\t\t\t\t\t\t\t<div class=\"swiper-slide\" role=\"group\" aria-roledescription=\"slide\">\n\t\t\t\t\t\t\t\t\t<div class=\"elementor-carousel-image\" role=\"img\" aria-label=\"pexels-rose-mwandishi-3100204-19778687\" style=\"background-image: url(&#039;https:\/\/www.dolcehotelversailles.com\/wp-content\/uploads\/2026\/03\/pexels-rose-mwandishi-3100204-19778687-scaled.jpg&#039;)\">\n\n\t\t\t\n\t\t\t\t\t<\/div>\n\t\t\t\t\t\t\t\t<\/div>\n\t\t\t\t\t\t\t\t\t\t\t<div class=\"swiper-slide\" role=\"group\" aria-roledescription=\"slide\">\n\t\t\t\t\t\t\t\t\t<div class=\"elementor-carousel-image\" role=\"img\" aria-label=\"Palace Versailles in Paris - Versailles museum\" style=\"background-image: url(&#039;https:\/\/www.dolcehotelversailles.com\/wp-content\/uploads\/2023\/05\/iStock-1422418266.jpg&#039;)\">\n\n\t\t\t\n\t\t\t\t\t<\/div>\n\t\t\t\t\t\t\t\t<\/div>\n\t\t\t\t\t\t\t\t\t\t\t<div class=\"swiper-slide\" role=\"group\" aria-roledescription=\"slide\">\n\t\t\t\t\t\t\t\t\t<div class=\"elementor-carousel-image\" role=\"img\" aria-label=\"pexels-jcosta-13692242\" style=\"background-image: url(&#039;https:\/\/www.dolcehotelversailles.com\/wp-content\/uploads\/2026\/03\/pexels-jcosta-13692242-scaled.jpg&#039;)\">\n\n\t\t\t\n\t\t\t\t\t<\/div>\n\t\t\t\t\t\t\t\t<\/div>\n\t\t\t\t\t\t\t\t\t<\/div>\n\t\t\t\t\t\t\t\t\t\t\t\t\t\t\t\t\t\t\t\t<div class=\"swiper-pagination\"><\/div>\n\t\t\t\t\t\t\t\t\t\t\t\t<\/div>\n\t\t\t\t<\/div>\n\t\t\t\t\t\t\t\t<\/div>\n\t\t\t\t<\/div>\n\t\t\t\t\t<\/div>\n\t\t<\/div>\n\t\t\t\t\t<\/div>\n\t\t<\/section>\n\t\t\t\t<\/div>","protected":false},"excerpt":{"rendered":"<p>D\u00e9couvrir Le mus\u00e9e incontournable \u00e0 Jouy-en-Josas \u00c0 seulement quelques minutes de notre h\u00f4tel, le Mus\u00e9e de la Toile de Jouy vous invite \u00e0 d\u00e9couvrir l\u2019histoire d\u2019un patrimoine textile d\u2019exception. Ces c\u00e9l\u00e8bres toiles, produites d\u00e8s 1760 \u00e0 Jouy-en-Josas par la Manufacture fond\u00e9e par Christophe-Philippe Oberkampf, ont habill\u00e9 les \u00e9l\u00e9gances de la Cour de Versailles et marqu\u00e9 [&hellip;]<\/p>\n","protected":false},"author":5,"featured_media":0,"parent":123,"menu_order":0,"comment_status":"closed","ping_status":"closed","template":"","meta":{"inline_featured_image":false,"footnotes":""},"class_list":["post-140","page","type-page","status-publish","hentry"],"_links":{"self":[{"href":"https:\/\/www.dolcehotelversailles.com\/en\/wp-json\/wp\/v2\/pages\/140","targetHints":{"allow":["GET"]}}],"collection":[{"href":"https:\/\/www.dolcehotelversailles.com\/en\/wp-json\/wp\/v2\/pages"}],"about":[{"href":"https:\/\/www.dolcehotelversailles.com\/en\/wp-json\/wp\/v2\/types\/page"}],"author":[{"embeddable":true,"href":"https:\/\/www.dolcehotelversailles.com\/en\/wp-json\/wp\/v2\/users\/5"}],"replies":[{"embeddable":true,"href":"https:\/\/www.dolcehotelversailles.com\/en\/wp-json\/wp\/v2\/comments?post=140"}],"version-history":[{"count":56,"href":"https:\/\/www.dolcehotelversailles.com\/en\/wp-json\/wp\/v2\/pages\/140\/revisions"}],"predecessor-version":[{"id":14442,"href":"https:\/\/www.dolcehotelversailles.com\/en\/wp-json\/wp\/v2\/pages\/140\/revisions\/14442"}],"up":[{"embeddable":true,"href":"https:\/\/www.dolcehotelversailles.com\/en\/wp-json\/wp\/v2\/pages\/123"}],"wp:attachment":[{"href":"https:\/\/www.dolcehotelversailles.com\/en\/wp-json\/wp\/v2\/media?parent=140"}],"curies":[{"name":"wp","href":"https:\/\/api.w.org\/{rel}","templated":true}]}}